{"id":937,"date":"2025-03-14T14:03:11","date_gmt":"2025-03-14T13:03:11","guid":{"rendered":"https:\/\/accel-boutique.fr\/blog\/?page_id=937"},"modified":"2025-04-09T16:57:13","modified_gmt":"2025-04-09T14:57:13","slug":"caces-engins-de-chantier","status":"publish","type":"page","link":"https:\/\/accel-boutique.fr\/blog\/formation-caces\/caces-engins-de-chantier\/","title":{"rendered":"Caces\u00ae engins de chantier"},"content":{"rendered":"<h2 style=\"text-align: center;\">Nous proposons la formation pour le Caces\u00ae\u00a0\u00a0\u00a0\u00a0 R 482 en 5 cat\u00e9gories :<\/h2>\n<div class=\"row\">\n<div class=\"col-lg-4\">\n<h3 style=\"text-align: center;\">R482 cat\u00e9gorie A<\/h3>\n<p style=\"text-align: center;\">Engins compacts <strong>inf\u00e9rieur \u00e0 6 tonnes<\/strong>.<\/p>\n<p><img loading=\"lazy\" decoding=\"async\" class=\"alignnone wp-image-938 size-full\" src=\"https:\/\/accel-boutique.fr\/blog\/wp-content\/uploads\/2025\/03\/caces-R482-mini-pelle.png\" alt=\"Caces R482 minipelle\" width=\"279\" height=\"283\" \/><\/p>\n<\/div>\n<div class=\"col-lg-4\">\n<h3 style=\"text-align: center;\">R482 cat\u00e9gorie B1<\/h3>\n<p style=\"text-align: center;\">Engins \u00e0 d\u00e9placement s\u00e9quentiel <strong>sup\u00e9rieur \u00e0 6 tonnes<\/strong>.<\/p>\n<p><img loading=\"lazy\" decoding=\"async\" class=\"alignnone wp-image-939 size-full\" src=\"https:\/\/accel-boutique.fr\/blog\/wp-content\/uploads\/2025\/03\/caces-R482-tratopelle-sup-6-t.png\" alt=\"Caces R482 engin extraction\" width=\"279\" height=\"283\" \/><\/p>\n<\/div>\n<div class=\"col-lg-4\">\n<h3 style=\"text-align: center;\">R482 cat\u00e9gorie C1<\/h3>\n<p style=\"text-align: center;\">Engin de chargement \u00e0 d\u00e9placement alternatif<\/p>\n<p><img loading=\"lazy\" decoding=\"async\" class=\"alignnone wp-image-940 size-full\" src=\"https:\/\/accel-boutique.fr\/blog\/wp-content\/uploads\/2025\/03\/caces-R482-engin-inf-6-tonnes.png\" alt=\"Caces r482 engin de chargement\" width=\"279\" height=\"283\" \/><\/p>\n<\/div>\n<div class=\"col-lg-4\">\n<h3 style=\"text-align: center;\">R482 cat\u00e9gorie F<\/h3>\n<p style=\"text-align: center;\">Chariot de manutention tout terrain \u00e0 conducteur port\u00e9<\/p>\n<p><img loading=\"lazy\" decoding=\"async\" class=\"alignnone wp-image-941 size-full\" src=\"https:\/\/accel-boutique.fr\/blog\/wp-content\/uploads\/2025\/03\/caces-R482-tout-terrain.png\" alt=\"Caces R482 engins tout terrain\" width=\"279\" height=\"283\" \/><\/p>\n<\/div>\n<div class=\"col-lg-4\">\n<h3 style=\"text-align: center;\">R482 cat\u00e9gorie G<\/h3>\n<p style=\"text-align: center;\">Conduite hors production des chariots de toute les cat\u00e9gories.<\/p>\n<p><img loading=\"lazy\" decoding=\"async\" class=\"alignnone wp-image-945 size-full\" src=\"https:\/\/accel-boutique.fr\/blog\/wp-content\/uploads\/2025\/03\/caces-R482-horsproduction.png\" alt=\"Caces r482 hors production\" width=\"279\" height=\"283\" \/><\/p>\n<\/div>\n<\/div>\n\n<div class=\"wpcf7 no-js\" id=\"wpcf7-f948-o1\" lang=\"fr-FR\" dir=\"ltr\" data-wpcf7-id=\"948\">\n<div class=\"screen-reader-response\"><p role=\"status\" aria-live=\"polite\" aria-atomic=\"true\"><\/p> <ul><\/ul><\/div>\n<form action=\"\/blog\/wp-json\/wp\/v2\/pages\/937#wpcf7-f948-o1\" method=\"post\" class=\"wpcf7-form init\" aria-label=\"Formulaire de contact\" novalidate=\"novalidate\" data-status=\"init\">\n<fieldset class=\"hidden-fields-container\"><input type=\"hidden\" name=\"_wpcf7\" value=\"948\" \/><input type=\"hidden\" name=\"_wpcf7_version\" value=\"6.1.5\" \/><input type=\"hidden\" name=\"_wpcf7_locale\" value=\"fr_FR\" \/><input type=\"hidden\" name=\"_wpcf7_unit_tag\" value=\"wpcf7-f948-o1\" \/><input type=\"hidden\" name=\"_wpcf7_container_post\" value=\"0\" \/><input type=\"hidden\" name=\"_wpcf7_posted_data_hash\" value=\"\" \/>\n<\/fieldset>\n<h2>Parlez nous de votre besoin ?\n<\/h2>\n<p style=\"margin-top:2%;font-weight:bold\">Quel est votre m\u00e9tier ?\n<\/p>\n<div class=\"col-lg-12 form-group\">\n\t<p><span class=\"wpcf7-form-control-wrap\" data-name=\"radio-441\"><span class=\"wpcf7-form-control wpcf7-radio form-control\"><span class=\"wpcf7-list-item first\"><label><input type=\"radio\" name=\"radio-441\" value=\"Dans le Btp\" \/><span class=\"wpcf7-list-item-label\">Dans le Btp<\/span><\/label><\/span><span class=\"wpcf7-list-item\"><label><input type=\"radio\" name=\"radio-441\" value=\"Dans l&#039;industrie\" \/><span class=\"wpcf7-list-item-label\">Dans l&#039;industrie<\/span><\/label><\/span><span class=\"wpcf7-list-item\"><label><input type=\"radio\" name=\"radio-441\" value=\"Dans l&#039;administration\" \/><span class=\"wpcf7-list-item-label\">Dans l&#039;administration<\/span><\/label><\/span><span class=\"wpcf7-list-item last\"><label><input type=\"radio\" name=\"radio-441\" value=\"Sans emploi\" \/><span class=\"wpcf7-list-item-label\">Sans emploi<\/span><\/label><\/span><\/span><\/span>\n\t<\/p>\n<\/div>\n<p style=\"font-weight:bold\">Votre demande porte sur quel Caces\u00ae ? (plusieurs choix sont possibles)\n<\/p>\n<div class=\"col-lg-12 form-group\">\n\t<p><span class=\"wpcf7-form-control-wrap\" data-name=\"checkbox-814\"><span class=\"wpcf7-form-control wpcf7-checkbox form-control\"><span class=\"wpcf7-list-item first\"><label><input type=\"checkbox\" name=\"checkbox-814[]\" value=\"R482 cat\u00e9gorie A\" \/><span class=\"wpcf7-list-item-label\">R482 cat\u00e9gorie A<\/span><\/label><\/span><span class=\"wpcf7-list-item\"><label><input type=\"checkbox\" name=\"checkbox-814[]\" value=\"R482 cat\u00e9gorie B1\" \/><span class=\"wpcf7-list-item-label\">R482 cat\u00e9gorie B1<\/span><\/label><\/span><span class=\"wpcf7-list-item\"><label><input type=\"checkbox\" name=\"checkbox-814[]\" value=\"R482 cat\u00e9gorie C1\" \/><span class=\"wpcf7-list-item-label\">R482 cat\u00e9gorie C1<\/span><\/label><\/span><span class=\"wpcf7-list-item\"><label><input type=\"checkbox\" name=\"checkbox-814[]\" value=\"R482 cat\u00e9gorie F\" \/><span class=\"wpcf7-list-item-label\">R482 cat\u00e9gorie F<\/span><\/label><\/span><span class=\"wpcf7-list-item last\"><label><input type=\"checkbox\" name=\"checkbox-814[]\" value=\"R482 cat\u00e9gorie G\" \/><span class=\"wpcf7-list-item-label\">R482 cat\u00e9gorie G<\/span><\/label><\/span><\/span><\/span>\n\t<\/p>\n<\/div>\n<p  style=\"font-weight:bold\">Vous \u00eates ?\n<\/p>\n<div class=\"col-lg-12 form-group\">\n\t<p><span class=\"wpcf7-form-control-wrap\" data-name=\"radio-694\"><span class=\"wpcf7-form-control wpcf7-radio form-control\"><span class=\"wpcf7-list-item first\"><label><input type=\"radio\" name=\"radio-694\" value=\"D\u00e9butant\" \/><span class=\"wpcf7-list-item-label\">D\u00e9butant<\/span><\/label><\/span><span class=\"wpcf7-list-item last\"><label><input type=\"radio\" name=\"radio-694\" value=\"Confirm\u00e9\" \/><span class=\"wpcf7-list-item-label\">Confirm\u00e9<\/span><\/label><\/span><\/span><\/span>\n\t<\/p>\n<\/div>\n<p  style=\"font-weight:bold\">Vous souhaitez passer :\n<\/p>\n<div class=\"col-lg-12 form-group\">\n\t<p><span class=\"wpcf7-form-control-wrap\" data-name=\"radio-486\"><span class=\"wpcf7-form-control wpcf7-radio form-control\"><span class=\"wpcf7-list-item first\"><label><input type=\"radio\" name=\"radio-486\" value=\"Une autorisation de conduite\" \/><span class=\"wpcf7-list-item-label\">Une autorisation de conduite<\/span><\/label><\/span><span class=\"wpcf7-list-item last\"><label><input type=\"radio\" name=\"radio-486\" value=\"Un Caces\u00ae\" \/><span class=\"wpcf7-list-item-label\">Un Caces\u00ae<\/span><\/label><\/span><\/span><\/span>\n\t<\/p>\n<\/div>\n<p style=\"font-weight:bold\">Indiquez vos dates de disponibilit\u00e9.\n<\/p>\n<div class=\"col-lg-12 form-group\">\n\t<p><span class=\"wpcf7-form-control-wrap\" data-name=\"text-833\"><input size=\"40\" maxlength=\"400\" class=\"wpcf7-form-control wpcf7-text form-control\" aria-invalid=\"false\" placeholder=\"Vous pouvez une date, une p\u00e9riode ...\" value=\"\" type=\"text\" name=\"text-833\" \/><\/span>\n\t<\/p>\n<\/div>\n<div class=\"col-lg-12 form-group\">\n\t<p><span class=\"wpcf7-form-control-wrap\" data-name=\"textarea-378\"><textarea cols=\"40\" rows=\"10\" maxlength=\"2000\" class=\"wpcf7-form-control wpcf7-textarea form-control\" aria-invalid=\"false\" placeholder=\"N&#039;h\u00e9sitez pas \u00e0 nous laisser toutes explications qui pourraient nous aider \u00e0 mieux vous accompagner\" name=\"textarea-378\"><\/textarea><\/span>\n\t<\/p>\n<\/div>\n<h2>Et si nous faisions connaissance ?\n<\/h2>\n<div class=\"row gy-4\">\n\t<div class=\"col-lg-6 form-group\">\n\t\t<p><span class=\"wpcf7-form-control-wrap\" data-name=\"text-999\"><input size=\"40\" maxlength=\"400\" class=\"wpcf7-form-control wpcf7-text wpcf7-validates-as-required form-control\" aria-required=\"true\" aria-invalid=\"false\" placeholder=\"Votre Nom-Pr\u00e9nom*\" value=\"\" type=\"text\" name=\"text-999\" \/><\/span>\n\t\t<\/p>\n\t<\/div>\n\t<div class=\"col-lg-6 form-group\">\n\t\t<p><span class=\"wpcf7-form-control-wrap\" data-name=\"text-542\"><input size=\"40\" maxlength=\"400\" class=\"wpcf7-form-control wpcf7-text form-control\" aria-invalid=\"false\" placeholder=\"Votre Entreprise\" value=\"\" type=\"text\" name=\"text-542\" \/><\/span>\n\t\t<\/p>\n\t<\/div>\n<\/div>\n<div class=\"row gy-4\">\n\t<div class=\"col-lg-6 form-group\">\n\t\t<p><span class=\"wpcf7-form-control-wrap\" data-name=\"email-271\"><input size=\"40\" maxlength=\"400\" class=\"wpcf7-form-control wpcf7-email wpcf7-validates-as-required wpcf7-text wpcf7-validates-as-email form-control\" aria-required=\"true\" aria-invalid=\"false\" placeholder=\"Votre mail*\" value=\"\" type=\"email\" name=\"email-271\" \/><\/span>\n\t\t<\/p>\n\t<\/div>\n\t<div class=\"col-lg-6 form-group\">\n\t\t<p><span class=\"wpcf7-form-control-wrap\" data-name=\"tel-842\"><input size=\"40\" maxlength=\"400\" class=\"wpcf7-form-control wpcf7-tel wpcf7-validates-as-required wpcf7-text wpcf7-validates-as-tel form-control\" aria-required=\"true\" aria-invalid=\"false\" placeholder=\"Votre t\u00e9l\u00e9phone*\" value=\"\" type=\"tel\" name=\"tel-842\" \/><\/span>\n\t\t<\/p>\n\t<\/div>\n<\/div>\n<p><span class=\"wpcf7-form-control-wrap\" data-name=\"acceptance-307\"><span class=\"wpcf7-form-control wpcf7-acceptance\"><span class=\"wpcf7-list-item\"><label><input type=\"checkbox\" name=\"acceptance-307\" value=\"1\" aria-invalid=\"false\" \/><span class=\"wpcf7-list-item-label\">en cochant cette case, vous acceptez les CGU<\/span><\/label><\/span><\/span><\/span>\n<\/p>\n<div class=\"text-center submitButton\">\n\t<p><input class=\"wpcf7-form-control wpcf7-submit has-spinner\" type=\"submit\" value=\"Envoyer\" \/>\n\t<\/p>\n<\/div><div class=\"wpcf7-response-output\" aria-hidden=\"true\"><\/div>\n<\/form>\n<\/div>\n\n","protected":false},"excerpt":{"rendered":"<p>Nous proposons la formation pour le Caces\u00ae\u00a0\u00a0\u00a0\u00a0 R 482 en 5 cat\u00e9gories : R482 cat\u00e9gorie A Engins compacts inf\u00e9rieur \u00e0 6 tonnes. R482 cat\u00e9gorie B1 Engins \u00e0 d\u00e9placement s\u00e9quentiel sup\u00e9rieur \u00e0 6 tonnes. R482 cat\u00e9gorie C1 Engin de chargement \u00e0 d\u00e9placement alternatif R482 cat\u00e9gorie F Chariot de manutention tout terrain \u00e0 conducteur port\u00e9 R482 cat\u00e9gorie [&hellip;]<\/p>\n","protected":false},"author":1,"featured_media":0,"parent":890,"menu_order":0,"comment_status":"closed","ping_status":"closed","template":"","meta":{"footnotes":""},"class_list":["post-937","page","type-page","status-publish","hentry"],"yoast_head":"<!-- This site is optimized with the Yoast SEO plugin v27.2 - https:\/\/yoast.com\/product\/yoast-seo-wordpress\/ -->\n<title>Caces Engin de Chantier | R482<\/title>\n<meta name=\"description\" content=\"Votre formation Caces Chariot \u00e9l\u00e9vateur, Caces A, B1, C1, F et G. En formation initiale ou en recyclage chez Accel, centre de formation.\" \/>\n<meta name=\"robots\" content=\"index, follow, max-snippet:-1, max-image-preview:large, max-video-preview:-1\" \/>\n<link rel=\"canonical\" href=\"https:\/\/accel-boutique.fr\/blog\/formation-caces\/caces-engins-de-chantier\/\" \/>\n<meta property=\"og:locale\" content=\"fr_FR\" \/>\n<meta property=\"og:type\" content=\"article\" \/>\n<meta property=\"og:title\" content=\"Caces Engin de Chantier | R482\" \/>\n<meta property=\"og:description\" content=\"Votre formation Caces Chariot \u00e9l\u00e9vateur, Caces A, B1, C1, F et G. En formation initiale ou en recyclage chez Accel, centre de formation.\" \/>\n<meta property=\"og:url\" content=\"https:\/\/accel-boutique.fr\/blog\/formation-caces\/caces-engins-de-chantier\/\" \/>\n<meta property=\"og:site_name\" content=\"Le Blog Accel Levage\" \/>\n<meta property=\"article:modified_time\" content=\"2025-04-09T14:57:13+00:00\" \/>\n<meta property=\"og:image\" content=\"https:\/\/accel-boutique.fr\/blog\/wp-content\/uploads\/2025\/03\/caces-R482-mini-pelle.png\" \/>\n\t<meta property=\"og:image:width\" content=\"279\" \/>\n\t<meta property=\"og:image:height\" content=\"283\" \/>\n\t<meta property=\"og:image:type\" content=\"image\/png\" \/>\n<script type=\"application\/ld+json\" class=\"yoast-schema-graph\">{\"@context\":\"https:\/\/schema.org\",\"@graph\":[{\"@type\":\"WebPage\",\"@id\":\"https:\/\/accel-boutique.fr\/blog\/formation-caces\/caces-engins-de-chantier\/\",\"url\":\"https:\/\/accel-boutique.fr\/blog\/formation-caces\/caces-engins-de-chantier\/\",\"name\":\"Caces Engin de Chantier | R482\",\"isPartOf\":{\"@id\":\"https:\/\/accel-boutique.fr\/blog\/#website\"},\"primaryImageOfPage\":{\"@id\":\"https:\/\/accel-boutique.fr\/blog\/formation-caces\/caces-engins-de-chantier\/#primaryimage\"},\"image\":{\"@id\":\"https:\/\/accel-boutique.fr\/blog\/formation-caces\/caces-engins-de-chantier\/#primaryimage\"},\"thumbnailUrl\":\"https:\/\/accel-boutique.fr\/blog\/wp-content\/uploads\/2025\/03\/caces-R482-mini-pelle.png\",\"datePublished\":\"2025-03-14T13:03:11+00:00\",\"dateModified\":\"2025-04-09T14:57:13+00:00\",\"description\":\"Votre formation Caces Chariot \u00e9l\u00e9vateur, Caces A, B1, C1, F et G. En formation initiale ou en recyclage chez Accel, centre de formation.\",\"breadcrumb\":{\"@id\":\"https:\/\/accel-boutique.fr\/blog\/formation-caces\/caces-engins-de-chantier\/#breadcrumb\"},\"inLanguage\":\"fr-FR\",\"potentialAction\":[{\"@type\":\"ReadAction\",\"target\":[\"https:\/\/accel-boutique.fr\/blog\/formation-caces\/caces-engins-de-chantier\/\"]}]},{\"@type\":\"ImageObject\",\"inLanguage\":\"fr-FR\",\"@id\":\"https:\/\/accel-boutique.fr\/blog\/formation-caces\/caces-engins-de-chantier\/#primaryimage\",\"url\":\"https:\/\/accel-boutique.fr\/blog\/wp-content\/uploads\/2025\/03\/caces-R482-mini-pelle.png\",\"contentUrl\":\"https:\/\/accel-boutique.fr\/blog\/wp-content\/uploads\/2025\/03\/caces-R482-mini-pelle.png\",\"width\":279,\"height\":283,\"caption\":\"Caces R482 minipelle\"},{\"@type\":\"BreadcrumbList\",\"@id\":\"https:\/\/accel-boutique.fr\/blog\/formation-caces\/caces-engins-de-chantier\/#breadcrumb\",\"itemListElement\":[{\"@type\":\"ListItem\",\"position\":1,\"name\":\"Accueil\",\"item\":\"https:\/\/accel-boutique.fr\/blog\/\"},{\"@type\":\"ListItem\",\"position\":2,\"name\":\"Formation Caces\u00ae\",\"item\":\"https:\/\/accel-boutique.fr\/blog\/formation-caces\/\"},{\"@type\":\"ListItem\",\"position\":3,\"name\":\"Caces\u00ae engins de chantier\"}]},{\"@type\":\"WebSite\",\"@id\":\"https:\/\/accel-boutique.fr\/blog\/#website\",\"url\":\"https:\/\/accel-boutique.fr\/blog\/\",\"name\":\"Le Blog Accel\",\"description\":\"Infos et cas pratiques sur les m\u00e9tiers du levage, de la manutention et de l&#039;arrimage\",\"publisher\":{\"@id\":\"https:\/\/accel-boutique.fr\/blog\/#organization\"},\"alternateName\":\"Levage, manutention et arrimage\",\"potentialAction\":[{\"@type\":\"SearchAction\",\"target\":{\"@type\":\"EntryPoint\",\"urlTemplate\":\"https:\/\/accel-boutique.fr\/blog\/?s={search_term_string}\"},\"query-input\":{\"@type\":\"PropertyValueSpecification\",\"valueRequired\":true,\"valueName\":\"search_term_string\"}}],\"inLanguage\":\"fr-FR\"},{\"@type\":\"Organization\",\"@id\":\"https:\/\/accel-boutique.fr\/blog\/#organization\",\"name\":\"Sas Accel\",\"url\":\"https:\/\/accel-boutique.fr\/blog\/\",\"logo\":{\"@type\":\"ImageObject\",\"inLanguage\":\"fr-FR\",\"@id\":\"https:\/\/accel-boutique.fr\/blog\/#\/schema\/logo\/image\/\",\"url\":\"https:\/\/accel-boutique.fr\/blog\/wp-content\/uploads\/2023\/08\/logo-accel-groupe.jpg\",\"contentUrl\":\"https:\/\/accel-boutique.fr\/blog\/wp-content\/uploads\/2023\/08\/logo-accel-groupe.jpg\",\"width\":750,\"height\":750,\"caption\":\"Sas Accel\"},\"image\":{\"@id\":\"https:\/\/accel-boutique.fr\/blog\/#\/schema\/logo\/image\/\"}}]}<\/script>\n<!-- \/ Yoast SEO plugin. -->","yoast_head_json":{"title":"Caces Engin de Chantier | R482","description":"Votre formation Caces Chariot \u00e9l\u00e9vateur, Caces A, B1, C1, F et G. En formation initiale ou en recyclage chez Accel, centre de formation.","robots":{"index":"index","follow":"follow","max-snippet":"max-snippet:-1","max-image-preview":"max-image-preview:large","max-video-preview":"max-video-preview:-1"},"canonical":"https:\/\/accel-boutique.fr\/blog\/formation-caces\/caces-engins-de-chantier\/","og_locale":"fr_FR","og_type":"article","og_title":"Caces Engin de Chantier | R482","og_description":"Votre formation Caces Chariot \u00e9l\u00e9vateur, Caces A, B1, C1, F et G. En formation initiale ou en recyclage chez Accel, centre de formation.","og_url":"https:\/\/accel-boutique.fr\/blog\/formation-caces\/caces-engins-de-chantier\/","og_site_name":"Le Blog Accel Levage","article_modified_time":"2025-04-09T14:57:13+00:00","og_image":[{"width":279,"height":283,"url":"https:\/\/accel-boutique.fr\/blog\/wp-content\/uploads\/2025\/03\/caces-R482-mini-pelle.png","type":"image\/png"}],"schema":{"@context":"https:\/\/schema.org","@graph":[{"@type":"WebPage","@id":"https:\/\/accel-boutique.fr\/blog\/formation-caces\/caces-engins-de-chantier\/","url":"https:\/\/accel-boutique.fr\/blog\/formation-caces\/caces-engins-de-chantier\/","name":"Caces Engin de Chantier | R482","isPartOf":{"@id":"https:\/\/accel-boutique.fr\/blog\/#website"},"primaryImageOfPage":{"@id":"https:\/\/accel-boutique.fr\/blog\/formation-caces\/caces-engins-de-chantier\/#primaryimage"},"image":{"@id":"https:\/\/accel-boutique.fr\/blog\/formation-caces\/caces-engins-de-chantier\/#primaryimage"},"thumbnailUrl":"https:\/\/accel-boutique.fr\/blog\/wp-content\/uploads\/2025\/03\/caces-R482-mini-pelle.png","datePublished":"2025-03-14T13:03:11+00:00","dateModified":"2025-04-09T14:57:13+00:00","description":"Votre formation Caces Chariot \u00e9l\u00e9vateur, Caces A, B1, C1, F et G. En formation initiale ou en recyclage chez Accel, centre de formation.","breadcrumb":{"@id":"https:\/\/accel-boutique.fr\/blog\/formation-caces\/caces-engins-de-chantier\/#breadcrumb"},"inLanguage":"fr-FR","potentialAction":[{"@type":"ReadAction","target":["https:\/\/accel-boutique.fr\/blog\/formation-caces\/caces-engins-de-chantier\/"]}]},{"@type":"ImageObject","inLanguage":"fr-FR","@id":"https:\/\/accel-boutique.fr\/blog\/formation-caces\/caces-engins-de-chantier\/#primaryimage","url":"https:\/\/accel-boutique.fr\/blog\/wp-content\/uploads\/2025\/03\/caces-R482-mini-pelle.png","contentUrl":"https:\/\/accel-boutique.fr\/blog\/wp-content\/uploads\/2025\/03\/caces-R482-mini-pelle.png","width":279,"height":283,"caption":"Caces R482 minipelle"},{"@type":"BreadcrumbList","@id":"https:\/\/accel-boutique.fr\/blog\/formation-caces\/caces-engins-de-chantier\/#breadcrumb","itemListElement":[{"@type":"ListItem","position":1,"name":"Accueil","item":"https:\/\/accel-boutique.fr\/blog\/"},{"@type":"ListItem","position":2,"name":"Formation Caces\u00ae","item":"https:\/\/accel-boutique.fr\/blog\/formation-caces\/"},{"@type":"ListItem","position":3,"name":"Caces\u00ae engins de chantier"}]},{"@type":"WebSite","@id":"https:\/\/accel-boutique.fr\/blog\/#website","url":"https:\/\/accel-boutique.fr\/blog\/","name":"Le Blog Accel","description":"Infos et cas pratiques sur les m\u00e9tiers du levage, de la manutention et de l&#039;arrimage","publisher":{"@id":"https:\/\/accel-boutique.fr\/blog\/#organization"},"alternateName":"Levage, manutention et arrimage","potentialAction":[{"@type":"SearchAction","target":{"@type":"EntryPoint","urlTemplate":"https:\/\/accel-boutique.fr\/blog\/?s={search_term_string}"},"query-input":{"@type":"PropertyValueSpecification","valueRequired":true,"valueName":"search_term_string"}}],"inLanguage":"fr-FR"},{"@type":"Organization","@id":"https:\/\/accel-boutique.fr\/blog\/#organization","name":"Sas Accel","url":"https:\/\/accel-boutique.fr\/blog\/","logo":{"@type":"ImageObject","inLanguage":"fr-FR","@id":"https:\/\/accel-boutique.fr\/blog\/#\/schema\/logo\/image\/","url":"https:\/\/accel-boutique.fr\/blog\/wp-content\/uploads\/2023\/08\/logo-accel-groupe.jpg","contentUrl":"https:\/\/accel-boutique.fr\/blog\/wp-content\/uploads\/2023\/08\/logo-accel-groupe.jpg","width":750,"height":750,"caption":"Sas Accel"},"image":{"@id":"https:\/\/accel-boutique.fr\/blog\/#\/schema\/logo\/image\/"}}]}},"_links":{"self":[{"href":"https:\/\/accel-boutique.fr\/blog\/wp-json\/wp\/v2\/pages\/937","targetHints":{"allow":["GET"]}}],"collection":[{"href":"https:\/\/accel-boutique.fr\/blog\/wp-json\/wp\/v2\/pages"}],"about":[{"href":"https:\/\/accel-boutique.fr\/blog\/wp-json\/wp\/v2\/types\/page"}],"author":[{"embeddable":true,"href":"https:\/\/accel-boutique.fr\/blog\/wp-json\/wp\/v2\/users\/1"}],"replies":[{"embeddable":true,"href":"https:\/\/accel-boutique.fr\/blog\/wp-json\/wp\/v2\/comments?post=937"}],"version-history":[{"count":10,"href":"https:\/\/accel-boutique.fr\/blog\/wp-json\/wp\/v2\/pages\/937\/revisions"}],"predecessor-version":[{"id":1008,"href":"https:\/\/accel-boutique.fr\/blog\/wp-json\/wp\/v2\/pages\/937\/revisions\/1008"}],"up":[{"embeddable":true,"href":"https:\/\/accel-boutique.fr\/blog\/wp-json\/wp\/v2\/pages\/890"}],"wp:attachment":[{"href":"https:\/\/accel-boutique.fr\/blog\/wp-json\/wp\/v2\/media?parent=937"}],"curies":[{"name":"wp","href":"https:\/\/api.w.org\/{rel}","templated":true}]}}