{"id":953,"date":"2025-03-17T10:01:13","date_gmt":"2025-03-17T09:01:13","guid":{"rendered":"https:\/\/accel-boutique.fr\/blog\/?page_id=953"},"modified":"2025-10-02T15:34:32","modified_gmt":"2025-10-02T13:34:32","slug":"caces-nacelle-pemp","status":"publish","type":"page","link":"https:\/\/accel-boutique.fr\/blog\/formation-caces\/caces-nacelle-pemp\/","title":{"rendered":"Caces\u00ae nacelle"},"content":{"rendered":"<h2 style=\"text-align:center\">Formation pour le Caces\u00ae R 486A en 3 cat\u00e9gories :<\/h2>\n<p>Les groupe A :\u00a0 plateforme \u00e9l\u00e9vatrice pour un levage uniquement vertical. Le groupe B pour un levage multidirectionnel. Le type 1 regroupe les nacelles qui doivent \u00eatre stabilis\u00e9es. Le type 3, on peut d\u00e9placer la nacelle lorsque l&rsquo;on est en poste haut.<\/p>\n<h2 style=\"text-align:center\">Les diff\u00e9rences entre le Caces\u00ae R 486A 1A et Caces\u00ae R 486A 1B<\/h2>\n<p>Le CACES Nacelle R486A permet d\u2019acqu\u00e9rir les comp\u00e9tences indispensables pour l\u2019utilisation s\u00e9curis\u00e9e des nacelles \u00e9l\u00e9vatrices. La cat\u00e9gorie A, d\u00e9di\u00e9e \u00e0 l\u2019\u00e9l\u00e9vation verticale, forme les op\u00e9rateurs \u00e0 man\u0153uvrer des nacelles con\u00e7ues pour lever la charge strictement en hauteur, en ma\u00eetrisant la stabilit\u00e9, le contr\u00f4le des mouvements et les dispositifs de s\u00e9curit\u00e9 int\u00e9gr\u00e9s. Les apprentis apprennent \u00e9galement la v\u00e9rification quotidienne des syst\u00e8mes hydrauliques, des garde-corps et des commandes, garantissant une intervention s\u00fbre en hauteur.<\/p>\n<p>La cat\u00e9gorie B, orient\u00e9e \u00e9l\u00e9vation multidirectionnelle, pr\u00e9pare \u00e0 l\u2019usage de nacelles capables de d\u00e9placements horizontaux et verticaux, id\u00e9ales pour les interventions sur sites complexes. Les formations mettent l\u2019accent sur le pilotage pr\u00e9cis, la gestion des angles de travail et l\u2019anticipation des obstacles, tout en respectant les normes R486A. Ces certifications techniques assurent une manipulation experte des nacelles et contribuent \u00e0 la s\u00e9curit\u00e9 des \u00e9quipes sur chantiers et sites industriels.<\/p>\n<div class=\"row\">\n<h2>Notre gamme d&rsquo;<acronym title=\"\u00e9quipement de protection individuel\" lang=\"fr\">EPI<\/acronym> pour la conduite de nacelle<\/h2>\n<div class=\"col-lg-4\">\n<h3 style=\"text-align: center;\">R486A cat\u00e9gorie A<\/h3>\n<p style=\"text-align: center;\">Type 1A et 3A. Nacelle avec \u00e9l\u00e9vation verticale.<\/p>\n<p><img loading=\"lazy\" decoding=\"async\" class=\"alignnone wp-image-954 size-full\" src=\"https:\/\/accel-boutique.fr\/blog\/wp-content\/uploads\/2025\/03\/caces-486-a-Cat-A.png\" alt=\"Caces PEMP R 486 A cat A\" width=\"279\" height=\"283\" \/><\/p>\n<\/div>\n<div class=\"col-lg-4\">\n<h3 style=\"text-align: center;\">R486A cat\u00e9gorie B<\/h3>\n<p style=\"text-align: center;\">Type 1B et 3B. Nacelle \u00e0 \u00e9l\u00e9vation multidirectionnelle.<\/p>\n<p><img loading=\"lazy\" decoding=\"async\" class=\"alignnone wp-image-955 size-full\" src=\"https:\/\/accel-boutique.fr\/blog\/wp-content\/uploads\/2025\/03\/caces-486-A-cat-B.png\" alt=\"Caces PEMP R 486 A cat B\" width=\"279\" height=\"283\" \/><\/p>\n<\/div>\n<div class=\"col-lg-4\">\n<h3 style=\"text-align: center;\">R486A cat\u00e9gorie C<\/h3>\n<p style=\"text-align: center;\">Conduite hors production des chariots de toute les cat\u00e9gories.<\/p>\n<p><img loading=\"lazy\" decoding=\"async\" class=\"alignnone wp-image-963 size-full\" src=\"https:\/\/accel-boutique.fr\/blog\/wp-content\/uploads\/2025\/03\/caces-486-A-cat-C.png\" alt=\"caces-486-A-cat-C\" width=\"279\" height=\"283\" \/><\/p>\n<\/div>\n<\/div>\n\n<div class=\"wpcf7 no-js\" id=\"wpcf7-f961-o1\" lang=\"fr-FR\" dir=\"ltr\" data-wpcf7-id=\"961\">\n<div class=\"screen-reader-response\"><p role=\"status\" aria-live=\"polite\" aria-atomic=\"true\"><\/p> <ul><\/ul><\/div>\n<form action=\"\/blog\/wp-json\/wp\/v2\/pages\/953#wpcf7-f961-o1\" method=\"post\" class=\"wpcf7-form init\" aria-label=\"Formulaire de contact\" novalidate=\"novalidate\" data-status=\"init\">\n<fieldset class=\"hidden-fields-container\"><input type=\"hidden\" name=\"_wpcf7\" value=\"961\" \/><input type=\"hidden\" name=\"_wpcf7_version\" value=\"6.1.5\" \/><input type=\"hidden\" name=\"_wpcf7_locale\" value=\"fr_FR\" \/><input type=\"hidden\" name=\"_wpcf7_unit_tag\" value=\"wpcf7-f961-o1\" \/><input type=\"hidden\" name=\"_wpcf7_container_post\" value=\"0\" \/><input type=\"hidden\" name=\"_wpcf7_posted_data_hash\" value=\"\" \/>\n<\/fieldset>\n<h2>Parlez nous de votre besoin ?\n<\/h2>\n<p style=\"margin-top:2%;font-weight:bold\">Quel est votre m\u00e9tier ?\n<\/p>\n<div class=\"col-lg-12 form-group\">\n\t<p><span class=\"wpcf7-form-control-wrap\" data-name=\"radio-441\"><span class=\"wpcf7-form-control wpcf7-radio form-control\"><span class=\"wpcf7-list-item first\"><label><input type=\"radio\" name=\"radio-441\" value=\"Dans le Btp\" \/><span class=\"wpcf7-list-item-label\">Dans le Btp<\/span><\/label><\/span><span class=\"wpcf7-list-item\"><label><input type=\"radio\" name=\"radio-441\" value=\"Dans l&#039;industrie\" \/><span class=\"wpcf7-list-item-label\">Dans l&#039;industrie<\/span><\/label><\/span><span class=\"wpcf7-list-item\"><label><input type=\"radio\" name=\"radio-441\" value=\"Dans l&#039;administration\" \/><span class=\"wpcf7-list-item-label\">Dans l&#039;administration<\/span><\/label><\/span><span class=\"wpcf7-list-item last\"><label><input type=\"radio\" name=\"radio-441\" value=\"Sans emploi\" \/><span class=\"wpcf7-list-item-label\">Sans emploi<\/span><\/label><\/span><\/span><\/span>\n\t<\/p>\n<\/div>\n<p style=\"font-weight:bold\">Votre demande porte sur quel Caces\u00ae ? (plusieurs choix sont possibles)\n<\/p>\n<div class=\"col-lg-12 form-group\">\n\t<p><span class=\"wpcf7-form-control-wrap\" data-name=\"checkbox-814\"><span class=\"wpcf7-form-control wpcf7-checkbox form-control\"><span class=\"wpcf7-list-item first\"><label><input type=\"checkbox\" name=\"checkbox-814[]\" value=\"R486A cat\u00e9gorie A\" \/><span class=\"wpcf7-list-item-label\">R486A cat\u00e9gorie A<\/span><\/label><\/span><span class=\"wpcf7-list-item\"><label><input type=\"checkbox\" name=\"checkbox-814[]\" value=\"R486A cat\u00e9gorie B\" \/><span class=\"wpcf7-list-item-label\">R486A cat\u00e9gorie B<\/span><\/label><\/span><span class=\"wpcf7-list-item last\"><label><input type=\"checkbox\" name=\"checkbox-814[]\" value=\"R486A cat\u00e9gorie C\" \/><span class=\"wpcf7-list-item-label\">R486A cat\u00e9gorie C<\/span><\/label><\/span><\/span><\/span>\n\t<\/p>\n<\/div>\n<p  style=\"font-weight:bold\">Vous \u00eates ?\n<\/p>\n<div class=\"col-lg-12 form-group\">\n\t<p><span class=\"wpcf7-form-control-wrap\" data-name=\"radio-694\"><span class=\"wpcf7-form-control wpcf7-radio form-control\"><span class=\"wpcf7-list-item first\"><label><input type=\"radio\" name=\"radio-694\" value=\"D\u00e9butant\" \/><span class=\"wpcf7-list-item-label\">D\u00e9butant<\/span><\/label><\/span><span class=\"wpcf7-list-item last\"><label><input type=\"radio\" name=\"radio-694\" value=\"Confirm\u00e9\" \/><span class=\"wpcf7-list-item-label\">Confirm\u00e9<\/span><\/label><\/span><\/span><\/span>\n\t<\/p>\n<\/div>\n<p  style=\"font-weight:bold\">Vous souhaitez passer :\n<\/p>\n<div class=\"col-lg-12 form-group\">\n\t<p><span class=\"wpcf7-form-control-wrap\" data-name=\"radio-486\"><span class=\"wpcf7-form-control wpcf7-radio form-control\"><span class=\"wpcf7-list-item first\"><label><input type=\"radio\" name=\"radio-486\" value=\"Une autorisation de conduite\" \/><span class=\"wpcf7-list-item-label\">Une autorisation de conduite<\/span><\/label><\/span><span class=\"wpcf7-list-item last\"><label><input type=\"radio\" name=\"radio-486\" value=\"Un Caces\u00ae\" \/><span class=\"wpcf7-list-item-label\">Un Caces\u00ae<\/span><\/label><\/span><\/span><\/span>\n\t<\/p>\n<\/div>\n<p style=\"font-weight:bold\">Indiquez vos dates de disponibilit\u00e9.\n<\/p>\n<div class=\"col-lg-12 form-group\">\n\t<p><span class=\"wpcf7-form-control-wrap\" data-name=\"text-833\"><input size=\"40\" maxlength=\"400\" class=\"wpcf7-form-control wpcf7-text form-control\" aria-invalid=\"false\" placeholder=\"Vous pouvez une date, une p\u00e9riode ...\" value=\"\" type=\"text\" name=\"text-833\" \/><\/span>\n\t<\/p>\n<\/div>\n<div class=\"col-lg-12 form-group\">\n\t<p><span class=\"wpcf7-form-control-wrap\" data-name=\"textarea-378\"><textarea cols=\"40\" rows=\"10\" maxlength=\"2000\" class=\"wpcf7-form-control wpcf7-textarea form-control\" aria-invalid=\"false\" placeholder=\"N&#039;h\u00e9sitez pas \u00e0 nous laisser toutes explications qui pourraient nous aider \u00e0 mieux vous accompagner\" name=\"textarea-378\"><\/textarea><\/span>\n\t<\/p>\n<\/div>\n<h2>Et si nous faisions connaissance ?\n<\/h2>\n<div class=\"row gy-4\">\n\t<div class=\"col-lg-6 form-group\">\n\t\t<p><span class=\"wpcf7-form-control-wrap\" data-name=\"text-999\"><input size=\"40\" maxlength=\"400\" class=\"wpcf7-form-control wpcf7-text wpcf7-validates-as-required form-control\" aria-required=\"true\" aria-invalid=\"false\" placeholder=\"Votre Nom-Pr\u00e9nom*\" value=\"\" type=\"text\" name=\"text-999\" \/><\/span>\n\t\t<\/p>\n\t<\/div>\n\t<div class=\"col-lg-6 form-group\">\n\t\t<p><span class=\"wpcf7-form-control-wrap\" data-name=\"text-542\"><input size=\"40\" maxlength=\"400\" class=\"wpcf7-form-control wpcf7-text form-control\" aria-invalid=\"false\" placeholder=\"Votre Entreprise\" value=\"\" type=\"text\" name=\"text-542\" \/><\/span>\n\t\t<\/p>\n\t<\/div>\n<\/div>\n<div class=\"row gy-4\">\n\t<div class=\"col-lg-6 form-group\">\n\t\t<p><span class=\"wpcf7-form-control-wrap\" data-name=\"email-271\"><input size=\"40\" maxlength=\"400\" class=\"wpcf7-form-control wpcf7-email wpcf7-validates-as-required wpcf7-text wpcf7-validates-as-email form-control\" aria-required=\"true\" aria-invalid=\"false\" placeholder=\"Votre mail*\" value=\"\" type=\"email\" name=\"email-271\" \/><\/span>\n\t\t<\/p>\n\t<\/div>\n\t<div class=\"col-lg-6 form-group\">\n\t\t<p><span class=\"wpcf7-form-control-wrap\" data-name=\"tel-842\"><input size=\"40\" maxlength=\"400\" class=\"wpcf7-form-control wpcf7-tel wpcf7-validates-as-required wpcf7-text wpcf7-validates-as-tel form-control\" aria-required=\"true\" aria-invalid=\"false\" placeholder=\"Votre t\u00e9l\u00e9phone*\" value=\"\" type=\"tel\" name=\"tel-842\" \/><\/span>\n\t\t<\/p>\n\t<\/div>\n<\/div>\n<p><span class=\"wpcf7-form-control-wrap\" data-name=\"acceptance-307\"><span class=\"wpcf7-form-control wpcf7-acceptance\"><span class=\"wpcf7-list-item\"><label><input type=\"checkbox\" name=\"acceptance-307\" value=\"1\" aria-invalid=\"false\" \/><span class=\"wpcf7-list-item-label\">en cochant cette case, vous acceptez les CGU<\/span><\/label><\/span><\/span><\/span>\n<\/p>\n<div class=\"text-center submitButton\">\n\t<p><input class=\"wpcf7-form-control wpcf7-submit has-spinner\" type=\"submit\" value=\"Envoyer\" \/>\n\t<\/p>\n<\/div><div class=\"wpcf7-response-output\" aria-hidden=\"true\"><\/div>\n<\/form>\n<\/div>\n\n<div style=\"padding-top:4%\" class=\"row\" style=\"text-align: center;\">\n<h2 style=\"text-align:center;\">Notre gamme d&rsquo;<acronym title=\"\u00e9quipement de protection individuel\" lang=\"fr\">Epi<\/acronym> pour la conduite de Nacelle<\/h2>\n<div class=\"col-lg-4\">\n<p><img decoding=\"async\" class=\"alignnone wp-image-880 size-full\" src=\"https:\/\/accel-boutique.fr\/1733-large_default\/Kit-nacelle-retenue-au-travail.jpg\" alt=\"Kit Nacelle EPI\" \/><\/p>\n<p style=\"text-align: center; text-decoration: none; margin-bottom: inherit;\">Kit nacelle Premium<\/p>\n<p style=\"font-weight: bold;text-align: center;\">45 \u20ac HT<\/p>\n<p><a class=\"buttonFooter\" style=\"font-size: 14px;text-align: center; text-decoration: none;\" href=\"https:\/\/accel-boutique.fr\/equipement-protection-individuel\/339-Kit-nacelle-retenue-au-travail-3700671402017.html\">+ d&rsquo;info sur accel-boutique.fr <i class=\"fa fa-external-link\"><\/i><\/a><\/p>\n<\/div>\n<div class=\"col-lg-4\">\n<p><img decoding=\"async\" class=\"alignnone wp-image-880 size-full\" src=\"https:\/\/accel-boutique.fr\/2204-large_default\/casque-de-chantier-blanc.jpg\" alt=\"EPI : Casque de chantier blanc\" \/><\/p>\n<p style=\"text-align: center; text-decoration: none; margin-bottom: inherit;\">Casque de chantier blanc<\/p>\n<p style=\"font-weight: bold;text-align: center;\">63 \u20ac HT<\/p>\n<p><a class=\"buttonFooter\" style=\"font-size: 14px;text-align: center; text-decoration: none;\" href=\"https:\/\/accel-boutique.fr\/equipement-protection-individuel\/403-casque-de-chantier-blanc-3700671408774.html\">+ d&rsquo;info sur accel-boutique.fr <i class=\"fa fa-external-link\"><\/i> <\/a><\/p>\n<\/div>\n<div class=\"col-lg-4\">\n<p><img alt=\"Caces\u00ae nacelle\" decoding=\"async\" class=\"alignnone wp-image-880 size-full\" src=\"https:\/\/accel-boutique.fr\/1642-large_default\/harnais-antichute-2-points-accrochage.jpg\" \/><\/p>\n<p style=\"text-align: center; text-decoration: none; margin-bottom: inherit;\">Harnais 2 points d&rsquo;accrochage<\/p>\n<p style=\"text-align: center;font-weight: bold;\">235 \u20ac HT<\/p>\n<p><a class=\"buttonFooter\" style=\"text-align: center;font-size: 14px; text-decoration: none;\" href=\"https:\/\/accel-boutique.fr\/equipement-protection-individuel\/327-harnais-antichute-2-points-accrochage.html\">+ d&rsquo;info sur accel-boutique.fr <i class=\"fa fa-external-link\"><\/i> <\/a><\/p>\n<\/div>\n<\/div>\n","protected":false},"excerpt":{"rendered":"<p>Formation pour le Caces\u00ae R 486A en 3 cat\u00e9gories : Les groupe A :\u00a0 plateforme \u00e9l\u00e9vatrice pour un levage uniquement vertical. Le groupe B pour un levage multidirectionnel. Le type 1 regroupe les nacelles qui doivent \u00eatre stabilis\u00e9es. Le type 3, on peut d\u00e9placer la nacelle lorsque l&rsquo;on est en poste haut. Les diff\u00e9rences entre [&hellip;]<\/p>\n","protected":false},"author":1,"featured_media":0,"parent":890,"menu_order":0,"comment_status":"closed","ping_status":"closed","template":"","meta":{"footnotes":""},"class_list":["post-953","page","type-page","status-publish","hentry"],"yoast_head":"<!-- This site is optimized with the Yoast SEO plugin v27.2 - https:\/\/yoast.com\/product\/yoast-seo-wordpress\/ -->\n<title>Caces Nacelle | Caces Pemp R486A<\/title>\n<meta name=\"description\" content=\"Votre formation Caces Nacelle A1, A3, et B1 et B3. En formation initiale ou en recyclage chez Accel, centre de formation.\" \/>\n<meta name=\"robots\" content=\"index, follow, max-snippet:-1, max-image-preview:large, max-video-preview:-1\" \/>\n<link rel=\"canonical\" href=\"https:\/\/accel-boutique.fr\/blog\/formation-caces\/caces-nacelle-pemp\/\" \/>\n<meta property=\"og:locale\" content=\"fr_FR\" \/>\n<meta property=\"og:type\" content=\"article\" \/>\n<meta property=\"og:title\" content=\"Caces Nacelle | Caces Pemp R486A\" \/>\n<meta property=\"og:description\" content=\"Votre formation Caces Nacelle A1, A3, et B1 et B3. En formation initiale ou en recyclage chez Accel, centre de formation.\" \/>\n<meta property=\"og:url\" content=\"https:\/\/accel-boutique.fr\/blog\/formation-caces\/caces-nacelle-pemp\/\" \/>\n<meta property=\"og:site_name\" content=\"Le Blog Accel Levage\" \/>\n<meta property=\"article:modified_time\" content=\"2025-10-02T13:34:32+00:00\" \/>\n<meta property=\"og:image\" content=\"https:\/\/accel-boutique.fr\/blog\/wp-content\/uploads\/2025\/03\/caces-486-a-Cat-A.png\" \/>\n\t<meta property=\"og:image:width\" content=\"279\" \/>\n\t<meta property=\"og:image:height\" content=\"283\" \/>\n\t<meta property=\"og:image:type\" content=\"image\/png\" \/>\n<script type=\"application\/ld+json\" class=\"yoast-schema-graph\">{\"@context\":\"https:\/\/schema.org\",\"@graph\":[{\"@type\":\"WebPage\",\"@id\":\"https:\/\/accel-boutique.fr\/blog\/formation-caces\/caces-nacelle-pemp\/\",\"url\":\"https:\/\/accel-boutique.fr\/blog\/formation-caces\/caces-nacelle-pemp\/\",\"name\":\"Caces Nacelle | Caces Pemp R486A\",\"isPartOf\":{\"@id\":\"https:\/\/accel-boutique.fr\/blog\/#website\"},\"primaryImageOfPage\":{\"@id\":\"https:\/\/accel-boutique.fr\/blog\/formation-caces\/caces-nacelle-pemp\/#primaryimage\"},\"image\":{\"@id\":\"https:\/\/accel-boutique.fr\/blog\/formation-caces\/caces-nacelle-pemp\/#primaryimage\"},\"thumbnailUrl\":\"https:\/\/accel-boutique.fr\/blog\/wp-content\/uploads\/2025\/03\/caces-486-a-Cat-A.png\",\"datePublished\":\"2025-03-17T09:01:13+00:00\",\"dateModified\":\"2025-10-02T13:34:32+00:00\",\"description\":\"Votre formation Caces Nacelle A1, A3, et B1 et B3. En formation initiale ou en recyclage chez Accel, centre de formation.\",\"breadcrumb\":{\"@id\":\"https:\/\/accel-boutique.fr\/blog\/formation-caces\/caces-nacelle-pemp\/#breadcrumb\"},\"inLanguage\":\"fr-FR\",\"potentialAction\":[{\"@type\":\"ReadAction\",\"target\":[\"https:\/\/accel-boutique.fr\/blog\/formation-caces\/caces-nacelle-pemp\/\"]}]},{\"@type\":\"ImageObject\",\"inLanguage\":\"fr-FR\",\"@id\":\"https:\/\/accel-boutique.fr\/blog\/formation-caces\/caces-nacelle-pemp\/#primaryimage\",\"url\":\"https:\/\/accel-boutique.fr\/blog\/wp-content\/uploads\/2025\/03\/caces-486-a-Cat-A.png\",\"contentUrl\":\"https:\/\/accel-boutique.fr\/blog\/wp-content\/uploads\/2025\/03\/caces-486-a-Cat-A.png\",\"width\":279,\"height\":283,\"caption\":\"Caces PEMP R 486 A cat A\"},{\"@type\":\"BreadcrumbList\",\"@id\":\"https:\/\/accel-boutique.fr\/blog\/formation-caces\/caces-nacelle-pemp\/#breadcrumb\",\"itemListElement\":[{\"@type\":\"ListItem\",\"position\":1,\"name\":\"Accueil\",\"item\":\"https:\/\/accel-boutique.fr\/blog\/\"},{\"@type\":\"ListItem\",\"position\":2,\"name\":\"Formation Caces\u00ae\",\"item\":\"https:\/\/accel-boutique.fr\/blog\/formation-caces\/\"},{\"@type\":\"ListItem\",\"position\":3,\"name\":\"Caces\u00ae nacelle\"}]},{\"@type\":\"WebSite\",\"@id\":\"https:\/\/accel-boutique.fr\/blog\/#website\",\"url\":\"https:\/\/accel-boutique.fr\/blog\/\",\"name\":\"Le Blog Accel\",\"description\":\"Infos et cas pratiques sur les m\u00e9tiers du levage, de la manutention et de l&#039;arrimage\",\"publisher\":{\"@id\":\"https:\/\/accel-boutique.fr\/blog\/#organization\"},\"alternateName\":\"Levage, manutention et arrimage\",\"potentialAction\":[{\"@type\":\"SearchAction\",\"target\":{\"@type\":\"EntryPoint\",\"urlTemplate\":\"https:\/\/accel-boutique.fr\/blog\/?s={search_term_string}\"},\"query-input\":{\"@type\":\"PropertyValueSpecification\",\"valueRequired\":true,\"valueName\":\"search_term_string\"}}],\"inLanguage\":\"fr-FR\"},{\"@type\":\"Organization\",\"@id\":\"https:\/\/accel-boutique.fr\/blog\/#organization\",\"name\":\"Sas Accel\",\"url\":\"https:\/\/accel-boutique.fr\/blog\/\",\"logo\":{\"@type\":\"ImageObject\",\"inLanguage\":\"fr-FR\",\"@id\":\"https:\/\/accel-boutique.fr\/blog\/#\/schema\/logo\/image\/\",\"url\":\"https:\/\/accel-boutique.fr\/blog\/wp-content\/uploads\/2023\/08\/logo-accel-groupe.jpg\",\"contentUrl\":\"https:\/\/accel-boutique.fr\/blog\/wp-content\/uploads\/2023\/08\/logo-accel-groupe.jpg\",\"width\":750,\"height\":750,\"caption\":\"Sas Accel\"},\"image\":{\"@id\":\"https:\/\/accel-boutique.fr\/blog\/#\/schema\/logo\/image\/\"}}]}<\/script>\n<!-- \/ Yoast SEO plugin. -->","yoast_head_json":{"title":"Caces Nacelle | Caces Pemp R486A","description":"Votre formation Caces Nacelle A1, A3, et B1 et B3. En formation initiale ou en recyclage chez Accel, centre de formation.","robots":{"index":"index","follow":"follow","max-snippet":"max-snippet:-1","max-image-preview":"max-image-preview:large","max-video-preview":"max-video-preview:-1"},"canonical":"https:\/\/accel-boutique.fr\/blog\/formation-caces\/caces-nacelle-pemp\/","og_locale":"fr_FR","og_type":"article","og_title":"Caces Nacelle | Caces Pemp R486A","og_description":"Votre formation Caces Nacelle A1, A3, et B1 et B3. En formation initiale ou en recyclage chez Accel, centre de formation.","og_url":"https:\/\/accel-boutique.fr\/blog\/formation-caces\/caces-nacelle-pemp\/","og_site_name":"Le Blog Accel Levage","article_modified_time":"2025-10-02T13:34:32+00:00","og_image":[{"width":279,"height":283,"url":"https:\/\/accel-boutique.fr\/blog\/wp-content\/uploads\/2025\/03\/caces-486-a-Cat-A.png","type":"image\/png"}],"schema":{"@context":"https:\/\/schema.org","@graph":[{"@type":"WebPage","@id":"https:\/\/accel-boutique.fr\/blog\/formation-caces\/caces-nacelle-pemp\/","url":"https:\/\/accel-boutique.fr\/blog\/formation-caces\/caces-nacelle-pemp\/","name":"Caces Nacelle | Caces Pemp R486A","isPartOf":{"@id":"https:\/\/accel-boutique.fr\/blog\/#website"},"primaryImageOfPage":{"@id":"https:\/\/accel-boutique.fr\/blog\/formation-caces\/caces-nacelle-pemp\/#primaryimage"},"image":{"@id":"https:\/\/accel-boutique.fr\/blog\/formation-caces\/caces-nacelle-pemp\/#primaryimage"},"thumbnailUrl":"https:\/\/accel-boutique.fr\/blog\/wp-content\/uploads\/2025\/03\/caces-486-a-Cat-A.png","datePublished":"2025-03-17T09:01:13+00:00","dateModified":"2025-10-02T13:34:32+00:00","description":"Votre formation Caces Nacelle A1, A3, et B1 et B3. En formation initiale ou en recyclage chez Accel, centre de formation.","breadcrumb":{"@id":"https:\/\/accel-boutique.fr\/blog\/formation-caces\/caces-nacelle-pemp\/#breadcrumb"},"inLanguage":"fr-FR","potentialAction":[{"@type":"ReadAction","target":["https:\/\/accel-boutique.fr\/blog\/formation-caces\/caces-nacelle-pemp\/"]}]},{"@type":"ImageObject","inLanguage":"fr-FR","@id":"https:\/\/accel-boutique.fr\/blog\/formation-caces\/caces-nacelle-pemp\/#primaryimage","url":"https:\/\/accel-boutique.fr\/blog\/wp-content\/uploads\/2025\/03\/caces-486-a-Cat-A.png","contentUrl":"https:\/\/accel-boutique.fr\/blog\/wp-content\/uploads\/2025\/03\/caces-486-a-Cat-A.png","width":279,"height":283,"caption":"Caces PEMP R 486 A cat A"},{"@type":"BreadcrumbList","@id":"https:\/\/accel-boutique.fr\/blog\/formation-caces\/caces-nacelle-pemp\/#breadcrumb","itemListElement":[{"@type":"ListItem","position":1,"name":"Accueil","item":"https:\/\/accel-boutique.fr\/blog\/"},{"@type":"ListItem","position":2,"name":"Formation Caces\u00ae","item":"https:\/\/accel-boutique.fr\/blog\/formation-caces\/"},{"@type":"ListItem","position":3,"name":"Caces\u00ae nacelle"}]},{"@type":"WebSite","@id":"https:\/\/accel-boutique.fr\/blog\/#website","url":"https:\/\/accel-boutique.fr\/blog\/","name":"Le Blog Accel","description":"Infos et cas pratiques sur les m\u00e9tiers du levage, de la manutention et de l&#039;arrimage","publisher":{"@id":"https:\/\/accel-boutique.fr\/blog\/#organization"},"alternateName":"Levage, manutention et arrimage","potentialAction":[{"@type":"SearchAction","target":{"@type":"EntryPoint","urlTemplate":"https:\/\/accel-boutique.fr\/blog\/?s={search_term_string}"},"query-input":{"@type":"PropertyValueSpecification","valueRequired":true,"valueName":"search_term_string"}}],"inLanguage":"fr-FR"},{"@type":"Organization","@id":"https:\/\/accel-boutique.fr\/blog\/#organization","name":"Sas Accel","url":"https:\/\/accel-boutique.fr\/blog\/","logo":{"@type":"ImageObject","inLanguage":"fr-FR","@id":"https:\/\/accel-boutique.fr\/blog\/#\/schema\/logo\/image\/","url":"https:\/\/accel-boutique.fr\/blog\/wp-content\/uploads\/2023\/08\/logo-accel-groupe.jpg","contentUrl":"https:\/\/accel-boutique.fr\/blog\/wp-content\/uploads\/2023\/08\/logo-accel-groupe.jpg","width":750,"height":750,"caption":"Sas Accel"},"image":{"@id":"https:\/\/accel-boutique.fr\/blog\/#\/schema\/logo\/image\/"}}]}},"_links":{"self":[{"href":"https:\/\/accel-boutique.fr\/blog\/wp-json\/wp\/v2\/pages\/953","targetHints":{"allow":["GET"]}}],"collection":[{"href":"https:\/\/accel-boutique.fr\/blog\/wp-json\/wp\/v2\/pages"}],"about":[{"href":"https:\/\/accel-boutique.fr\/blog\/wp-json\/wp\/v2\/types\/page"}],"author":[{"embeddable":true,"href":"https:\/\/accel-boutique.fr\/blog\/wp-json\/wp\/v2\/users\/1"}],"replies":[{"embeddable":true,"href":"https:\/\/accel-boutique.fr\/blog\/wp-json\/wp\/v2\/comments?post=953"}],"version-history":[{"count":30,"href":"https:\/\/accel-boutique.fr\/blog\/wp-json\/wp\/v2\/pages\/953\/revisions"}],"predecessor-version":[{"id":1147,"href":"https:\/\/accel-boutique.fr\/blog\/wp-json\/wp\/v2\/pages\/953\/revisions\/1147"}],"up":[{"embeddable":true,"href":"https:\/\/accel-boutique.fr\/blog\/wp-json\/wp\/v2\/pages\/890"}],"wp:attachment":[{"href":"https:\/\/accel-boutique.fr\/blog\/wp-json\/wp\/v2\/media?parent=953"}],"curies":[{"name":"wp","href":"https:\/\/api.w.org\/{rel}","templated":true}]}}